{"id":1553,"date":"2021-04-19T12:47:39","date_gmt":"2021-04-19T17:47:39","guid":{"rendered":"https:\/\/jenue.mx\/nuevo\/?post_type=product&#038;p=1553"},"modified":"2021-04-19T12:47:39","modified_gmt":"2021-04-19T17:47:39","slug":"gel-reafirmante","status":"publish","type":"product","link":"https:\/\/jenue.mx\/nuevo\/product\/gel-reafirmante\/","title":{"rendered":"Gel reafirmante"},"content":{"rendered":"<p><strong>Indicado para:<\/strong><br \/>\nUso corporal, con propiedades reafirmantes.<\/p>\n<p><strong>Presentaci\u00f3n:<\/strong><br \/>\n500 gr.<\/p>\n<p><strong>Ingredientes principales:<\/strong><br \/>\nBodyfit, Manuronato de Metilsilanol, Centella Asi\u00e1tica, Extracto de Hiedra, Mentol, Alcanfor.<\/p>\n<p><strong>Beneficios:<\/strong><br \/>\nEl gel con un mezcla de ingredientes activos nuevos y cl\u00e1sicos en la cosm\u00e9tica, ayudan a mejorar la circulaci\u00f3n eliminando los dep\u00f3sitos de agua retenida, ayuda a reducir la apariencia de la celulitis, mejora notablemente la firmeza de la piel, pero al mismo tiempo la hidrata y le da turgencia, el efecto fr\u00edo que proporciona produce un vasoconstricci\u00f3n de los tejidos haci\u00e9ndola recuperar tono y flexibilidad.<\/p>\n","protected":false},"excerpt":{"rendered":"<p><strong>Indicado para:<\/strong><br \/>\nUso corporal, con propiedades reafirmantes.<\/p>\n<p><strong>Presentaci\u00f3n:<\/strong><br \/>\n500 gr.<\/p>\n<p><strong>Ingredientes principales:<\/strong><br \/>\nBodyfit, Manuronato de Metilsilanol, Centella Asi\u00e1tica, Extracto de Hiedra, Mentol, Alcanfor.<\/p>\n","protected":false},"featured_media":1554,"comment_status":"open","ping_status":"closed","template":"","meta":[],"_links":{"self":[{"href":"https:\/\/jenue.mx\/nuevo\/wp-json\/wp\/v2\/product\/1553"}],"collection":[{"href":"https:\/\/jenue.mx\/nuevo\/wp-json\/wp\/v2\/product"}],"about":[{"href":"https:\/\/jenue.mx\/nuevo\/wp-json\/wp\/v2\/types\/product"}],"replies":[{"embeddable":true,"href":"https:\/\/jenue.mx\/nuevo\/wp-json\/wp\/v2\/comments?post=1553"}],"wp:featuredmedia":[{"embeddable":true,"href":"https:\/\/jenue.mx\/nuevo\/wp-json\/wp\/v2\/media\/1554"}],"wp:attachment":[{"href":"https:\/\/jenue.mx\/nuevo\/wp-json\/wp\/v2\/media?parent=1553"}],"curies":[{"name":"wp","href":"https:\/\/api.w.org\/{rel}","templated":true}]}}