{"id":1556,"date":"2021-04-19T12:49:54","date_gmt":"2021-04-19T17:49:54","guid":{"rendered":"https:\/\/jenue.mx\/nuevo\/?post_type=product&#038;p=1556"},"modified":"2021-04-19T12:55:13","modified_gmt":"2021-04-19T17:55:13","slug":"gel-exfoliante-de-coco","status":"publish","type":"product","link":"https:\/\/jenue.mx\/nuevo\/product\/gel-exfoliante-de-coco\/","title":{"rendered":"Gel exfoliante de coco"},"content":{"rendered":"<p><strong>Indicado para:<\/strong><br \/>\nExfoliar suavemente todo tipo de piel corporal.<\/p>\n<p><strong>Presentaci\u00f3n:<\/strong><br \/>\n240 ml.<\/p>\n<p><strong>Ingredientes principales:<\/strong><br \/>\nHigroplex, Inducos, Extracto de Cal\u00e9ndula, Propilenglicol, Sorbitol.<\/p>\n<p><strong>Beneficios:<\/strong><br \/>\nEste producto remueve las c\u00e9lulas muertas e impurezas, flexibiliza y aclara la piel, perfeccionando su textura por la acci\u00f3n del exfoliante mec\u00e1nico, pero al mismo tiempo humecta la piel, no contiene ingredientes que pueden da\u00f1ar la dermis y se formul\u00f3 de esta manera, para poder seguir el tratamiento sin tener que limpiar a fondo sino solo el abrasivo que queda sobre la superficie.<\/p>\n","protected":false},"excerpt":{"rendered":"<p><strong>Indicado para:<\/strong><br \/>\nExfoliar suavemente todo tipo de piel corporal.<\/p>\n<p><strong>Presentaci\u00f3n:<\/strong><br \/>\n240 ml.<\/p>\n<p><strong>Ingredientes principales:<\/strong><br \/>\nHigroplex, Inducos, Extracto de Cal\u00e9ndula, Propilenglicol, Sorbitol.<\/p>\n<p>&nbsp;<\/p>\n","protected":false},"featured_media":1560,"comment_status":"open","ping_status":"closed","template":"","meta":[],"_links":{"self":[{"href":"https:\/\/jenue.mx\/nuevo\/wp-json\/wp\/v2\/product\/1556"}],"collection":[{"href":"https:\/\/jenue.mx\/nuevo\/wp-json\/wp\/v2\/product"}],"about":[{"href":"https:\/\/jenue.mx\/nuevo\/wp-json\/wp\/v2\/types\/product"}],"replies":[{"embeddable":true,"href":"https:\/\/jenue.mx\/nuevo\/wp-json\/wp\/v2\/comments?post=1556"}],"wp:featuredmedia":[{"embeddable":true,"href":"https:\/\/jenue.mx\/nuevo\/wp-json\/wp\/v2\/media\/1560"}],"wp:attachment":[{"href":"https:\/\/jenue.mx\/nuevo\/wp-json\/wp\/v2\/media?parent=1556"}],"curies":[{"name":"wp","href":"https:\/\/api.w.org\/{rel}","templated":true}]}}