{"id":1561,"date":"2021-04-19T12:57:49","date_gmt":"2021-04-19T17:57:49","guid":{"rendered":"https:\/\/jenue.mx\/nuevo\/?post_type=product&#038;p=1561"},"modified":"2021-04-19T12:57:49","modified_gmt":"2021-04-19T17:57:49","slug":"gel-exfoliante-de-frutas-citricas","status":"publish","type":"product","link":"https:\/\/jenue.mx\/nuevo\/product\/gel-exfoliante-de-frutas-citricas\/","title":{"rendered":"Gel exfoliante de frutas citricas"},"content":{"rendered":"<p><strong>Indicado para:<\/strong><br \/>\nAclarar y exfoliar todo tipo de piel corporal.<\/p>\n<p><strong>Presentaci\u00f3n:<\/strong><br \/>\n240 ml.<\/p>\n<p><strong>Ingredientes principales:<\/strong><br \/>\nHigroplex, Uninontan U-34, Inducos, Lisaderm, Extracto de Cal\u00e9ndula, Propilenglicol, Sorbitol.<\/p>\n<p><strong>Beneficios:<\/strong><br \/>\nRemueve las c\u00e9lulas muertas e impurezas, flexibiliza y aclara la piel, por el ingrediente activo Uninontan, perfecciona su textura por la acci\u00f3n del exfoliante mec\u00e1nico, y por el Lisaderm AHA que aumenta la descamaci\u00f3n natural de la piel, pero al mismo tiempo humecta, no contiene ingredientes que pueden da\u00f1ar la dermis y se puede seguir el tratamiento sin tener que limpiar a fondo sino solo el abrasivo que queda sobre la superficie.<\/p>\n","protected":false},"excerpt":{"rendered":"<p><strong>Indicado para:<\/strong><br \/>\nAclarar y exfoliar todo tipo de piel corporal.<\/p>\n<p><strong>Presentaci\u00f3n:<\/strong><br \/>\n240 ml.<\/p>\n<p><strong>Ingredientes principales:<\/strong><br \/>\nHigroplex, Uninontan U-34, Inducos, Lisaderm, Extracto de Cal\u00e9ndula, Propilenglicol, Sorbitol.<\/p>\n<p>&nbsp;<\/p>\n","protected":false},"featured_media":1562,"comment_status":"open","ping_status":"closed","template":"","meta":[],"_links":{"self":[{"href":"https:\/\/jenue.mx\/nuevo\/wp-json\/wp\/v2\/product\/1561"}],"collection":[{"href":"https:\/\/jenue.mx\/nuevo\/wp-json\/wp\/v2\/product"}],"about":[{"href":"https:\/\/jenue.mx\/nuevo\/wp-json\/wp\/v2\/types\/product"}],"replies":[{"embeddable":true,"href":"https:\/\/jenue.mx\/nuevo\/wp-json\/wp\/v2\/comments?post=1561"}],"wp:featuredmedia":[{"embeddable":true,"href":"https:\/\/jenue.mx\/nuevo\/wp-json\/wp\/v2\/media\/1562"}],"wp:attachment":[{"href":"https:\/\/jenue.mx\/nuevo\/wp-json\/wp\/v2\/media?parent=1561"}],"curies":[{"name":"wp","href":"https:\/\/api.w.org\/{rel}","templated":true}]}}