{"id":1563,"date":"2021-04-19T12:59:49","date_gmt":"2021-04-19T17:59:49","guid":{"rendered":"https:\/\/jenue.mx\/nuevo\/?post_type=product&#038;p=1563"},"modified":"2021-04-19T13:00:32","modified_gmt":"2021-04-19T18:00:32","slug":"envoltura-de-frutas-citricas","status":"publish","type":"product","link":"https:\/\/jenue.mx\/nuevo\/product\/envoltura-de-frutas-citricas\/","title":{"rendered":"Envoltura de frutas c\u00edtricas"},"content":{"rendered":"<p><strong>Indicado para:<\/strong><br \/>\nTodo tipo de piel, es especial para aclarar el tono de la piel.<\/p>\n<p><strong>Presentaci\u00f3n:<\/strong><br \/>\n500 gr.<\/p>\n<p><strong>Ingredientes principales:<\/strong><br \/>\nUninontan U-34, \u00c1cido Salic\u00edlico, Manteca de Mango, Aceite de Almendras, Extracto de Aloe Vera, \u00c1cido Hialur\u00f3nico, Acetato de Vitamina E, Glicerina.<\/p>\n<p><strong>Beneficios:<\/strong><br \/>\nEnvoltura corporal que ayuda a humectar y aclarar nuestra piel dej\u00e1ndola luminosa, suave y tersa. Te ayuda a relajar y consentir tu cuerpo, con un exquisito olor c\u00edtrico y el beneficio del Uninontan que es un extracto despigmentante, del Acido Hialur\u00f3nico que hidrata la piel y le ayuda a conservar su elasticidad y tonicidad, y el Acido Salic\u00edlico que ayuda a que este proceso sea m\u00e1s r\u00e1pido y<br \/>\nefectivo.<\/p>\n","protected":false},"excerpt":{"rendered":"<p><strong>Indicado para:<\/strong><br \/>\nTodo tipo de piel, es especial para aclarar el tono de la piel.<\/p>\n<p><strong>Presentaci\u00f3n:<\/strong><br \/>\n500 gr.<\/p>\n<p><strong>Ingredientes principales:<\/strong><br \/>\nUninontan U-34, \u00c1cido Salic\u00edlico, Manteca de Mango, Aceite de Almendras, Extracto de Aloe Vera, \u00c1cido Hialur\u00f3nico, Acetato de Vitamina E, Glicerina.<\/p>\n<p>&nbsp;<\/p>\n","protected":false},"featured_media":1564,"comment_status":"open","ping_status":"closed","template":"","meta":[],"_links":{"self":[{"href":"https:\/\/jenue.mx\/nuevo\/wp-json\/wp\/v2\/product\/1563"}],"collection":[{"href":"https:\/\/jenue.mx\/nuevo\/wp-json\/wp\/v2\/product"}],"about":[{"href":"https:\/\/jenue.mx\/nuevo\/wp-json\/wp\/v2\/types\/product"}],"replies":[{"embeddable":true,"href":"https:\/\/jenue.mx\/nuevo\/wp-json\/wp\/v2\/comments?post=1563"}],"wp:featuredmedia":[{"embeddable":true,"href":"https:\/\/jenue.mx\/nuevo\/wp-json\/wp\/v2\/media\/1564"}],"wp:attachment":[{"href":"https:\/\/jenue.mx\/nuevo\/wp-json\/wp\/v2\/media?parent=1563"}],"curies":[{"name":"wp","href":"https:\/\/api.w.org\/{rel}","templated":true}]}}