{"id":1567,"date":"2021-04-19T13:06:34","date_gmt":"2021-04-19T18:06:34","guid":{"rendered":"https:\/\/jenue.mx\/nuevo\/?post_type=product&#038;p=1567"},"modified":"2021-04-19T13:07:19","modified_gmt":"2021-04-19T18:07:19","slug":"gel-corporal-post-cirugia","status":"publish","type":"product","link":"https:\/\/jenue.mx\/nuevo\/product\/gel-corporal-post-cirugia\/","title":{"rendered":"Gel corporal post cirug\u00eda"},"content":{"rendered":"<p><strong>Indicado para:<\/strong><br \/>\nPara todo tipo de pieles que se hayan sometido a un tratamiento quir\u00fargico.<\/p>\n<p><strong>Presentaci\u00f3n:<\/strong><br \/>\n250 ml.<\/p>\n<p><strong>Ingredientes principales:<\/strong><br \/>\nRevitalin, Palmitato de Vitamina A, Acetato de Vitamina E, Col\u00e1geno, Elastina, Extracto de Manzanilla, Extracto de \u00c1rnica, Extracto de Cal\u00e9ndula, Bisabolol, Alantoina, Urea, Sorbitol.<\/p>\n<p><strong>Beneficios:<\/strong><br \/>\nEl gel esta dise\u00f1ado para complementar el uso de aparatolog\u00eda, despu\u00e9s de un tratamiento quir\u00fargico, para el uso de ultrasonido, despu\u00e9s de una liposucci\u00f3n o el uso de infrarrojo para ayudar a regenerar tejido y no dejar cicatrices queloides. Es un gel rico en ingredientes que ayudan a la regeneraci\u00f3n celular adem\u00e1s de desinflamar y calmar la piel que ha sufrido una operaci\u00f3n est\u00e9tica.<\/p>\n","protected":false},"excerpt":{"rendered":"<p><strong>Indicado para:<\/strong><br \/>\nPara todo tipo de pieles que se hayan sometido a un tratamiento quir\u00fargico.<\/p>\n<p><strong>Presentaci\u00f3n:<\/strong><br \/>\n250 ml.<\/p>\n<p><strong>Ingredientes principales:<\/strong><br \/>\nRevitalin, Palmitato de Vitamina A, Acetato de Vitamina E, Col\u00e1geno, Elastina, Extracto de Manzanilla, Extracto de \u00c1rnica, Extracto de Cal\u00e9ndula, Bisabolol, Alantoina, Urea, Sorbitol.<\/p>\n","protected":false},"featured_media":1568,"comment_status":"open","ping_status":"closed","template":"","meta":[],"_links":{"self":[{"href":"https:\/\/jenue.mx\/nuevo\/wp-json\/wp\/v2\/product\/1567"}],"collection":[{"href":"https:\/\/jenue.mx\/nuevo\/wp-json\/wp\/v2\/product"}],"about":[{"href":"https:\/\/jenue.mx\/nuevo\/wp-json\/wp\/v2\/types\/product"}],"replies":[{"embeddable":true,"href":"https:\/\/jenue.mx\/nuevo\/wp-json\/wp\/v2\/comments?post=1567"}],"wp:featuredmedia":[{"embeddable":true,"href":"https:\/\/jenue.mx\/nuevo\/wp-json\/wp\/v2\/media\/1568"}],"wp:attachment":[{"href":"https:\/\/jenue.mx\/nuevo\/wp-json\/wp\/v2\/media?parent=1567"}],"curies":[{"name":"wp","href":"https:\/\/api.w.org\/{rel}","templated":true}]}}